{"id":414,"date":"2017-05-21T22:58:33","date_gmt":"2017-05-21T20:58:33","guid":{"rendered":"http:\/\/brunoramos.es\/curso-adsense\/?page_id=414"},"modified":"2026-03-24T07:57:09","modified_gmt":"2026-03-24T06:57:09","slug":"faq","status":"publish","type":"page","link":"https:\/\/brunoramos.es\/curso-adsense\/faq\/","title":{"rendered":"Preguntas Frecuentes"},"content":{"rendered":"<div class=\"e54a8ff72a93695caeced679e5afc314\" data-index=\"1\" style=\"float: none; margin:10px 0 10px 0; text-align:center;\">\n<center><div class=\"su-note\"  style=\"border-color:#e3c4c5;\"><div class=\"su-note-inner su-u-clearfix su-u-trim\" style=\"background-color:#fddedf;border-color:#ffffff;color:#333333;\"><strong>\ud83d\udc4b ANTES DE EMPEZAR<\/strong><br\/> Me gustar\u00eda contar con tu opini\u00f3n sobre el curso, qu\u00e9 te est\u00e1 pareciendo, si te est\u00e1 ayudando con tus nichos o si los contenidos se ajustan a tus expectativas.<br><a target=\"_blank\" href=\"https:\/\/brunoramos.es\/curso-adsense\/opiniones\/\">Escribir opini\u00f3n<\/a><br>Gracias \u2764\ufe0f<\/div><\/div><\/center>\n<\/div>\n<div class=\"gb-container gb-container-8771151b\">\n<div class=\"gb-container gb-container-ab09ee2c\">\n\n<h1 class=\"wp-block-heading has-text-align-center\">Preguntas Frecuentes<\/h1>\n\n\n\n<p class=\"has-text-align-center\">Antes de comprar el curso, lee bien las dudas m\u00e1s habituales para saber si realmente esta formaci\u00f3n encaja con tu perfil y ofrece todo lo que esperas aprender.<\/p>\n\n\n\n\n\n\n<h2 class=\"wp-block-heading\">\u00bfA qui\u00e9n se dirige el curso?<\/h2>\n\n\n\n<p>Principalmente a <strong>usuarios que ya monetizan con AdSense<\/strong>, tienen experiencia previa en el desarrollo de nichos con <strong>WordPress<\/strong> y tienen <strong>tr\u00e1fico<\/strong> para monetizar.<\/p>\n\n\n\n<p>Si eres nuevo, te ayudar\u00e9 todo lo posible, pero antes te recomiendo que hagas un curso de WordPress, otro de SEO y despu\u00e9s leas mi <a href=\"https:\/\/brunoramos.es\/google-adsense-tutorial\/\" target=\"_blank\" rel=\"noopener noreferrer\">tutorial de iniciaci\u00f3n<\/a>.<\/p>\n\n\n\n<h2 class=\"wp-block-heading\">\u00bfPara qui\u00e9n no es adecuado el curso?<\/h2>\n\n\n\n<p>Este curso <strong>NO<\/strong> es para ti si:<\/p>\n\n\n\n<ul class=\"wp-block-list\">\n<li>No sabes crear ni mantener webs con WordPress.<\/li>\n\n\n\n<li>Si tus webs no tienen tr\u00e1fico.<\/li>\n\n\n\n<li>Si no dominas lo b\u00e1sico de HTML, CSS y PHP.<\/li>\n\n\n\n<li>Si facturas menos de 300 \u20ac al mes con tu proyecto.<\/li>\n<\/ul>\n\n\n\n<p>Puedes tener webs con cualquier CMS o framework, pero deber\u00e1s desarrollar tus propias soluciones para automatizar la colocaci\u00f3n de anuncios, ya que el curso est\u00e1 enfocado en WordPress y sus plugins.<\/p>\n\n\n\n<h2 class=\"wp-block-heading\">\u00bfConseguir\u00e9 miles de euros con tu m\u00e9todo?<\/h2>\n\n\n\n<p>No. En el curso te ense\u00f1o las estrategias que yo uso y las configuraciones avanzadas para exprimir cada anuncio.<\/p>\n\n\n\n<p><strong>El rendimiento de tu web depender\u00e1 much\u00edsimo del tr\u00e1fico, la tem\u00e1tica y tu capacidad de aplicar lo aprendido<\/strong> en tu configuraci\u00f3n de anuncios.<\/p>\n\n\n\n<h2 class=\"wp-block-heading\">\u00bfExplicas t\u00e9cnicas Black Hat AdSense?<\/h2>\n\n\n\n<p>No. Mis t\u00e9cnicas se ajustan exclusivamente&nbsp;a las pol\u00edticas de AdSense.<\/p>\n\n\n\n<p>Para mantener segura tu cuenta, no hay nada mejor que seguir las directrices de Google para evitar expulsiones del programa de publicidad contextual (son de por vida).<\/p>\n\n\n\n<h2 class=\"wp-block-heading\">\u00bfEnse\u00f1as SEO y configuraci\u00f3n de WordPress?<\/h2>\n\n\n\n<p>No, aunque de vez en cuando puedo hacer clases espec\u00edficas donde comparto trucos y t\u00e9cnicas sobre SEO y marketing digital.<\/p>\n\n\n\n<p>Si te faltan este tipo de conocimientos, te recomiendo este <a href=\"https:\/\/www.webpositeracademy.com\/curso-seo-gratis\/\" target=\"_blank\" rel=\"noreferrer noopener nofollow\">curso gratis de SEO<\/a>, y este otro <a href=\"https:\/\/landing.raiola.link\/curso-practico-wordpress\/?utm_medium=affiliate&amp;utm_source=585&amp;utm_campaign=Afiliados\" target=\"_blank\" rel=\"noreferrer noopener nofollow\">curso gratis de WordPress<\/a>.<\/p>\n\n\n\n<h2 class=\"wp-block-heading\">\u00bfAprender\u00e9 a conseguir tr\u00e1fico para mi web?<\/h2>\n\n\n\n<p>No.<\/p>\n\n\n\n<p>El curso se centra principalmente en la optimizaci\u00f3n de anuncios de AdSense, aunque de forma puntual se explican algunos tips para mejorar el posicionamiento web.<\/p>\n\n\n\n<h2 class=\"wp-block-heading\">\u00bfQu\u00e9 tipo de soporte incluye el curso?<\/h2>\n\n\n\n<p>El soporte se limita al contenido del curso, su comprensi\u00f3n y aplicaci\u00f3n, pero <strong>NO incluye<\/strong> auditor\u00eda, an\u00e1lisis de tus webs o recomendaciones personalizadas.<\/p>\n\n\n\n<p>Como es l\u00f3gico, mi tiempo es limitado y es&nbsp;posible que me retrase al contestar m\u00e1s de lo que me gustar\u00eda. Por favor, s\u00e9 comprensivo\/a.<\/p>\n\n\n\n<h2 class=\"wp-block-heading\">\u00bfCambiar\u00e1 el precio del curso?<\/h2>\n\n\n\n<p>S\u00ed, el precio actual est\u00e1 calculado en funci\u00f3n de las clases disponibles y el material adicional, as\u00ed como por la cantidad de alumnos&nbsp;a los que puedo ofrecer soporte.<\/p>\n\n\n\n<p>Ello no excluye que realice promociones o descuentos puntuales para facilitar el acceso al curso.<\/p>\n\n\n\n<p>El precio no incluye el IVA u otros impuestos nacionales del pa\u00eds de residencia del comprador (se aplican una vez comienza el proceso de compra).<\/p>\n\n\n\n<h2 class=\"wp-block-heading\">\u00bfExiste alg\u00fan pago recurrente, adicional o membres\u00eda mensual?<\/h2>\n\n\n\n<p>No, el acceso al curso se realiza mediante un pago \u00fanico. No hay pagos adicionales ni recurrentes.<\/p>\n\n\n\n<h2 class=\"wp-block-heading\">\u00bfPuedo solicitar el reembolso?<\/h2>\n\n\n\n<p>No. No se ofrece reembolso al ser un p<a href=\"https:\/\/brunoramos.es\/condiciones-contratacion\/#Desistimiento_comercial\">roducto digital de descarga o reproducci\u00f3n inmediatos y susceptible de copia<\/a>.<\/p>\n\n\n\n<p>Ten en cuenta que tras adquirir el curso tienes acceso a mucho material descargable susceptible de ser pirateado (ya lo ha sido en varias ocasiones, y no es nada agradable).<\/p>\n\n\n\n<p><strong>En cualquier caso<\/strong>, si de verdad consideras que el curso no se ajusta a lo que necesitas, contacta conmigo y lo arreglamos, soy un t\u00edo muy abierto \ud83d\ude09<\/p>\n\n\n\n<h2 class=\"wp-block-heading\">\u00bfTienes m\u00e1s dudas?<\/h2>\n\n\n\n<p><a href=\"https:\/\/brunoramos.es\/contacto\/\" target=\"_blank\" rel=\"noopener noreferrer\">Contacta conmigo y hablamos<\/a>.<\/p>\n\n\n\n<script type=\"application\/ld+json\">{\"@context\":\"https:\/\/schema.org\",\"@type\":\"FAQPage\",\"mainEntity\":[{\"@type\":\"Question\",\"name\":\"\u00bfA qui\u00e9n se dirige el curso?\",\"acceptedAnswer\":{\"@type\":\"Answer\",\"text\":\"<p>Principalmente a\u00a0<strong>usuarios que ya monetizan con AdSense<\/strong>, tienen experiencia previa en el desarrollo de nichos con\u00a0<strong>WordPress<\/strong>\u00a0y tienen\u00a0<strong>tr\u00e1fico<\/strong>\u00a0para monetizar.<\/p>\\n<p>Si eres nuevo, te ayudar\u00e9 todo lo posible, pero antes te recomiendo que hagas un curso de WordPress, otro de SEO y despu\u00e9s leas mi\u00a0<a href=\\\"https:\/\/brunoramos.es\/google-adsense-tutorial\/\\\" target=\\\"_blank\\\" rel=\\\"noopener noreferrer\\\">tutorial de iniciaci\u00f3n<\/a>.<\/p>\"}},{\"@type\":\"Question\",\"name\":\"\u00bfPara qui\u00e9n no es adecuado el curso?\",\"acceptedAnswer\":{\"@type\":\"Answer\",\"text\":\"<p>Este curso\u00a0<strong>NO<\/strong>\u00a0es para ti si:<\/p>\\n<ul>\\n<li>No sabes crear ni mantener webs con WordPress.<\/li>\\n<li>Si tus webs no tienen tr\u00e1fico.<\/li>\\n<li>Si no dominas lo b\u00e1sico de HTML, CSS y PHP.<\/li>\\n<li>Si facturas menos de 300 \u20ac al mes con tu proyecto.<\/li>\\n<\/ul>\\n<p>Puedes tener webs con cualquier CMS o framework, pero deber\u00e1s desarrollar tus propias soluciones para automatizar la colocaci\u00f3n de anuncios, ya que el curso est\u00e1 enfocado en WordPress.<\/p>\"}},{\"@type\":\"Question\",\"name\":\"\u00bfConseguir\u00e9 miles de euros con tu m\u00e9todo?\",\"acceptedAnswer\":{\"@type\":\"Answer\",\"text\":\"<p>No. En el curso te ense\u00f1o las estrategias que yo uso y las configuraciones avanzadas para exprimir cada anuncio.<\/p>\\n<p>El rendimiento de tu web depender\u00e1 much\u00edsimo del tr\u00e1fico, la tem\u00e1tica y tu capacidad de aplicar lo aprendido en tu configuraci\u00f3n de anuncios.<\/p>\"}},{\"@type\":\"Question\",\"name\":\"\u00bfExplicas t\u00e9cnicas Black Hat AdSense?\",\"acceptedAnswer\":{\"@type\":\"Answer\",\"text\":\"<p>No. Mis t\u00e9cnicas se ajustan exclusivamente\u00a0a las pol\u00edticas de AdSense.<\/p>\\n<p>Para mantener segura tu cuenta, no hay nada mejor que seguir las directrices de Google para evitar expulsiones del programa de publicidad contextual (son de por vida).<\/p>\"}},{\"@type\":\"Question\",\"name\":\"\u00bfEnse\u00f1as SEO y configuraci\u00f3n de WordPress?\",\"acceptedAnswer\":{\"@type\":\"Answer\",\"text\":\"<p>No, aunque de vez en cuando puedo hacer clases espec\u00edficas donde comparto trucos y t\u00e9cnicas sobre SEO y marketing digital.<\/p>\\n<p>Si te faltan este tipo de conocimientos, te recomiendo este\u00a0<a href=\\\"https:\/\/www.webpositeracademy.com\/curso-seo-gratis\/\\\" target=\\\"_blank\\\" rel=\\\"noreferrer noopener nofollow\\\">curso gratis de SEO<\/a>, y este otro\u00a0<a href=\\\"https:\/\/landing.raiola.link\/curso-practico-wordpress\/?utm_medium=affiliate&amp;utm_source=585&amp;utm_campaign=Afiliados\\\" target=\\\"_blank\\\" rel=\\\"noreferrer noopener nofollow\\\">curso gratis de WordPress<\/a>.<\/p>\"}},{\"@type\":\"Question\",\"name\":\"\u00bfAprender\u00e9 a conseguir tr\u00e1fico para mi web?\",\"acceptedAnswer\":{\"@type\":\"Answer\",\"text\":\"<p>No.<\/p>\\n<p>El curso se centra principalmente en la optimizaci\u00f3n de anuncios de AdSense, aunque de forma puntual se explican algunos tips para mejorar el posicionamiento web.<\/p>\"}},{\"@type\":\"Question\",\"name\":\"\u00bfQu\u00e9 tipo de soporte incluye el curso?\",\"acceptedAnswer\":{\"@type\":\"Answer\",\"text\":\"<p>El soporte se limita al contenido del curso, su comprensi\u00f3n y aplicaci\u00f3n, pero\u00a0<strong>NO incluye<\/strong>\u00a0auditor\u00eda, an\u00e1lisis de tus webs o recomendaciones personalizadas.<\/p>\\n<p>Como es l\u00f3gico, mi tiempo es limitado y es\u00a0posible que me retrase al contestar m\u00e1s de lo que me gustar\u00eda. Por favor, s\u00e9 comprensivo\/a.<\/p>\"}},{\"@type\":\"Question\",\"name\":\"\u00bfCambiar\u00e1 el precio del curso?\",\"acceptedAnswer\":{\"@type\":\"Answer\",\"text\":\"<p>S\u00ed, el precio actual est\u00e1 calculado en funci\u00f3n de las clases disponibles y el material adicional, as\u00ed como por la cantidad de alumnos\u00a0a los que puedo ofrecer soporte.<\/p>\\n<p>Ello no excluye que realice promociones o descuentos puntuales para facilitar el acceso al curso.<\/p>\\n<p>El precio no incluye el IVA u otros impuestos nacionales del pa\u00eds de residencia del comprador (se aplican una vez comienza el proceso de compra).<\/p>\"}},{\"@type\":\"Question\",\"name\":\"\u00bfExiste alg\u00fan pago recurrente, adicional o membres\u00eda mensual?\",\"acceptedAnswer\":{\"@type\":\"Answer\",\"text\":\"<p>No, el acceso al curso se realiza mediante un pago \u00fanico. No hay pagos adicionales ni recurrentes.<\/p>\"}},{\"@type\":\"Question\",\"name\":\"\u00bfPuedo solicitar el reembolso?\",\"acceptedAnswer\":{\"@type\":\"Answer\",\"text\":\"<p>No. No se ofrece reembolso al ser un p<a href=\\\"https:\/\/brunoramos.es\/condiciones-contratacion\/#Desistimiento_comercial\\\">roducto digital de descarga o reproducci\u00f3n inmediatos y susceptible de copia<\/a>.<\/p>\\n<p>Ten en cuenta que tras adquirir el curso tienes acceso a mucho material descargable susceptible de ser pirateado (ya lo ha sido en varias ocasiones, y no es nada agradable).<\/p>\\n<p><strong>En cualquier caso<\/strong>, si de verdad consideras que el curso no se ajusta a lo que necesitas, contacta conmigo y lo arreglamos, soy un t\u00edo muy abierto \ud83d\ude09<\/p>\"}}]}<\/script>\n\n<\/div>\n<\/div>\n<div style=\"font-size: 0px; height: 0px; line-height: 0px; margin: 0; padding: 0; clear: both;\"><\/div>","protected":false},"excerpt":{"rendered":"","protected":false},"author":1,"featured_media":1885,"parent":0,"menu_order":0,"comment_status":"closed","ping_status":"closed","template":"","meta":{"jetpack_post_was_ever_published":false,"footnotes":""},"class_list":["post-414","page","type-page","status-publish","has-post-thumbnail"],"jetpack_sharing_enabled":true,"_links":{"self":[{"href":"https:\/\/brunoramos.es\/curso-adsense\/wp-json\/wp\/v2\/pages\/414","targetHints":{"allow":["GET"]}}],"collection":[{"href":"https:\/\/brunoramos.es\/curso-adsense\/wp-json\/wp\/v2\/pages"}],"about":[{"href":"https:\/\/brunoramos.es\/curso-adsense\/wp-json\/wp\/v2\/types\/page"}],"author":[{"embeddable":true,"href":"https:\/\/brunoramos.es\/curso-adsense\/wp-json\/wp\/v2\/users\/1"}],"replies":[{"embeddable":true,"href":"https:\/\/brunoramos.es\/curso-adsense\/wp-json\/wp\/v2\/comments?post=414"}],"version-history":[{"count":11,"href":"https:\/\/brunoramos.es\/curso-adsense\/wp-json\/wp\/v2\/pages\/414\/revisions"}],"predecessor-version":[{"id":3841,"href":"https:\/\/brunoramos.es\/curso-adsense\/wp-json\/wp\/v2\/pages\/414\/revisions\/3841"}],"wp:featuredmedia":[{"embeddable":true,"href":"https:\/\/brunoramos.es\/curso-adsense\/wp-json\/wp\/v2\/media\/1885"}],"wp:attachment":[{"href":"https:\/\/brunoramos.es\/curso-adsense\/wp-json\/wp\/v2\/media?parent=414"}],"curies":[{"name":"wp","href":"https:\/\/api.w.org\/{rel}","templated":true}]}}